{"id":9729,"date":"2022-12-20T15:22:39","date_gmt":"2022-12-20T20:22:39","guid":{"rendered":"https:\/\/www.samuelmarkon.com\/produit\/don-transboreale-2023\/"},"modified":"2025-05-24T02:00:52","modified_gmt":"2025-05-24T06:00:52","slug":"donation-transboreal-2023","status":"publish","type":"product","link":"https:\/\/www.samuelmarkon.com\/en\/produit\/donation-transboreal-2023\/","title":{"rendered":"Donation &#8211; Transboreal 2023"},"content":{"rendered":"<h5>Support the Transboreal Expedition 2023<\/h5>\n<p>We have been dreaming of crossing the entire province of Quebec for years. We have invested a lot of our time and energy in the realization of this project that motivates us to the highest degree.<\/p>\n<p>But to achieve it, a financial investment is necessary. You wish to support us? A donation will help us greatly, whether before, during or after the expedition. Please contact us for more information.<\/p>\n<p>Small or large donation&#8230; We say a huge thank you!<\/p>\n<p>Samuel and Simon-Pierre<\/p>\n","protected":false},"excerpt":{"rendered":"<p>The donation form is only available in French.<\/p>\n<p><a href=\"https:\/\/www.samuelmarkon.com\/en\/produit\/donation-transboreal-2023\/\" class=\"more-link style2-button\">Read More<\/a><\/p>","protected":false},"featured_media":9702,"comment_status":"open","ping_status":"closed","template":"","meta":[],"product_brand":[],"product_cat":[242],"product_tag":[],"class_list":{"0":"post-9729","1":"product","2":"type-product","3":"status-publish","4":"has-post-thumbnail","6":"product_cat-transboreal-expedition","8":"first","9":"instock","10":"virtual","11":"product-type-simple"},"yoast_head":"<!-- This site is optimized with the Yoast SEO plugin v27.4 - https:\/\/yoast.com\/product\/yoast-seo-wordpress\/ -->\n<title>Support the Transboreal Expedition 2023<\/title>\n<meta name=\"description\" content=\"La Route blanche, nous y r\u00eavons depuis des mois d\u00e9j\u00e0. Vous avez envie de nous appuyer? Un don nous aidera grandement.\" \/>\n<meta name=\"robots\" content=\"index, follow, max-snippet:-1, max-image-preview:large, max-video-preview:-1\" \/>\n<link rel=\"canonical\" href=\"https:\/\/www.samuelmarkon.com\/en\/produit\/donation-transboreal-2023\/\" \/>\n<meta property=\"og:locale\" content=\"en_US\" \/>\n<meta property=\"og:type\" content=\"article\" \/>\n<meta property=\"og:title\" content=\"Support the Transboreal Expedition 2023\" \/>\n<meta property=\"og:description\" content=\"La Route blanche, nous y r\u00eavons depuis des mois d\u00e9j\u00e0. Vous avez envie de nous appuyer? Un don nous aidera grandement.\" \/>\n<meta property=\"og:url\" content=\"https:\/\/www.samuelmarkon.com\/en\/produit\/donation-transboreal-2023\/\" \/>\n<meta property=\"og:site_name\" content=\"Samuel Lalande-Markon\" \/>\n<meta property=\"article:publisher\" content=\"https:\/\/www.facebook.com\/expeditiontransboreale\" \/>\n<meta property=\"article:modified_time\" content=\"2025-05-24T06:00:52+00:00\" \/>\n<meta property=\"og:image\" content=\"https:\/\/www.samuelmarkon.com\/wp-content\/uploads\/2022\/12\/expedition-transboreale-faire-un-don.jpg\" \/>\n\t<meta property=\"og:image:width\" content=\"1365\" \/>\n\t<meta property=\"og:image:height\" content=\"1365\" \/>\n\t<meta property=\"og:image:type\" content=\"image\/jpeg\" \/>\n<meta name=\"twitter:card\" content=\"summary_large_image\" \/>\n<meta name=\"twitter:site\" content=\"@XPTranstaiga\" \/>\n<meta name=\"twitter:label1\" content=\"Est. reading time\" \/>\n\t<meta name=\"twitter:data1\" content=\"1 minute\" \/>\n<script type=\"application\/ld+json\" class=\"yoast-schema-graph\">{\"@context\":\"https:\\\/\\\/schema.org\",\"@graph\":[{\"@type\":\"WebPage\",\"@id\":\"https:\\\/\\\/www.samuelmarkon.com\\\/en\\\/produit\\\/donation-transboreal-2023\\\/\",\"url\":\"https:\\\/\\\/www.samuelmarkon.com\\\/en\\\/produit\\\/donation-transboreal-2023\\\/\",\"name\":\"Support the Transboreal Expedition 2023\",\"isPartOf\":{\"@id\":\"https:\\\/\\\/www.samuelmarkon.com\\\/en\\\/#website\"},\"primaryImageOfPage\":{\"@id\":\"https:\\\/\\\/www.samuelmarkon.com\\\/en\\\/produit\\\/donation-transboreal-2023\\\/#primaryimage\"},\"image\":{\"@id\":\"https:\\\/\\\/www.samuelmarkon.com\\\/en\\\/produit\\\/donation-transboreal-2023\\\/#primaryimage\"},\"thumbnailUrl\":\"https:\\\/\\\/www.samuelmarkon.com\\\/wp-content\\\/uploads\\\/2022\\\/12\\\/expedition-transboreale-faire-un-don.jpg\",\"datePublished\":\"2022-12-20T20:22:39+00:00\",\"dateModified\":\"2025-05-24T06:00:52+00:00\",\"description\":\"La Route blanche, nous y r\u00eavons depuis des mois d\u00e9j\u00e0. Vous avez envie de nous appuyer? Un don nous aidera grandement.\",\"breadcrumb\":{\"@id\":\"https:\\\/\\\/www.samuelmarkon.com\\\/en\\\/produit\\\/donation-transboreal-2023\\\/#breadcrumb\"},\"inLanguage\":\"en-US\",\"potentialAction\":[{\"@type\":\"ReadAction\",\"target\":[\"https:\\\/\\\/www.samuelmarkon.com\\\/en\\\/produit\\\/donation-transboreal-2023\\\/\"]}]},{\"@type\":\"ImageObject\",\"inLanguage\":\"en-US\",\"@id\":\"https:\\\/\\\/www.samuelmarkon.com\\\/en\\\/produit\\\/donation-transboreal-2023\\\/#primaryimage\",\"url\":\"https:\\\/\\\/www.samuelmarkon.com\\\/wp-content\\\/uploads\\\/2022\\\/12\\\/expedition-transboreale-faire-un-don.jpg\",\"contentUrl\":\"https:\\\/\\\/www.samuelmarkon.com\\\/wp-content\\\/uploads\\\/2022\\\/12\\\/expedition-transboreale-faire-un-don.jpg\",\"width\":1365,\"height\":1365},{\"@type\":\"BreadcrumbList\",\"@id\":\"https:\\\/\\\/www.samuelmarkon.com\\\/en\\\/produit\\\/donation-transboreal-2023\\\/#breadcrumb\",\"itemListElement\":[{\"@type\":\"ListItem\",\"position\":1,\"name\":\"Accueil\",\"item\":\"https:\\\/\\\/www.samuelmarkon.com\\\/en\\\/\"},{\"@type\":\"ListItem\",\"position\":2,\"name\":\"Shop\",\"item\":\"https:\\\/\\\/www.samuelmarkon.com\\\/en\\\/shop\\\/\"},{\"@type\":\"ListItem\",\"position\":3,\"name\":\"Donation &#8211; Transboreal 2023\"}]},{\"@type\":\"WebSite\",\"@id\":\"https:\\\/\\\/www.samuelmarkon.com\\\/en\\\/#website\",\"url\":\"https:\\\/\\\/www.samuelmarkon.com\\\/en\\\/\",\"name\":\"Samuel Lalande-Markon\",\"description\":\"Adventurer\",\"publisher\":{\"@id\":\"https:\\\/\\\/www.samuelmarkon.com\\\/en\\\/#\\\/schema\\\/person\\\/bd1923db38c030fca083abfbd92d4455\"},\"potentialAction\":[{\"@type\":\"SearchAction\",\"target\":{\"@type\":\"EntryPoint\",\"urlTemplate\":\"https:\\\/\\\/www.samuelmarkon.com\\\/en\\\/?s={search_term_string}\"},\"query-input\":{\"@type\":\"PropertyValueSpecification\",\"valueRequired\":true,\"valueName\":\"search_term_string\"}}],\"inLanguage\":\"en-US\"},{\"@type\":[\"Person\",\"Organization\"],\"@id\":\"https:\\\/\\\/www.samuelmarkon.com\\\/en\\\/#\\\/schema\\\/person\\\/bd1923db38c030fca083abfbd92d4455\",\"name\":\"Samuel Lalande-Markon\",\"image\":{\"@type\":\"ImageObject\",\"inLanguage\":\"en-US\",\"@id\":\"https:\\\/\\\/www.samuelmarkon.com\\\/wp-content\\\/uploads\\\/2018\\\/08\\\/samuel-lalande-markon-riviere-koksoak.jpg\",\"url\":\"https:\\\/\\\/www.samuelmarkon.com\\\/wp-content\\\/uploads\\\/2018\\\/08\\\/samuel-lalande-markon-riviere-koksoak.jpg\",\"contentUrl\":\"https:\\\/\\\/www.samuelmarkon.com\\\/wp-content\\\/uploads\\\/2018\\\/08\\\/samuel-lalande-markon-riviere-koksoak.jpg\",\"width\":1728,\"height\":1296,\"caption\":\"Samuel Lalande-Markon\"},\"logo\":{\"@id\":\"https:\\\/\\\/www.samuelmarkon.com\\\/wp-content\\\/uploads\\\/2018\\\/08\\\/samuel-lalande-markon-riviere-koksoak.jpg\"},\"description\":\"Passionn\u00e9 par les r\u00e9cits d\u2019exp\u00e9dition et la nordicit\u00e9 du Qu\u00e9bec, Samuel Lalande-Markon a r\u00e9alis\u00e9 plusieurs aventures en r\u00e9gions \u00e9loign\u00e9es \u00e0 v\u00e9lo, en canot et en ski. Comme auteur, il s\u2019int\u00e9resse \u00e0 la dimension int\u00e9rieure de l\u2019aventure ainsi qu\u2019aux rapports individuel et collectif entretenus avec le territoire. Lire la biographie\",\"sameAs\":[\"https:\\\/\\\/www.samuelmarkon.com\",\"https:\\\/\\\/www.facebook.com\\\/expeditiontransboreale\",\"https:\\\/\\\/www.instagram.com\\\/smarkon\\\/\"]}]}<\/script>\n<!-- \/ Yoast SEO plugin. -->","yoast_head_json":{"title":"Support the Transboreal Expedition 2023","description":"La Route blanche, nous y r\u00eavons depuis des mois d\u00e9j\u00e0. Vous avez envie de nous appuyer? Un don nous aidera grandement.","robots":{"index":"index","follow":"follow","max-snippet":"max-snippet:-1","max-image-preview":"max-image-preview:large","max-video-preview":"max-video-preview:-1"},"canonical":"https:\/\/www.samuelmarkon.com\/en\/produit\/donation-transboreal-2023\/","og_locale":"en_US","og_type":"article","og_title":"Support the Transboreal Expedition 2023","og_description":"La Route blanche, nous y r\u00eavons depuis des mois d\u00e9j\u00e0. Vous avez envie de nous appuyer? Un don nous aidera grandement.","og_url":"https:\/\/www.samuelmarkon.com\/en\/produit\/donation-transboreal-2023\/","og_site_name":"Samuel Lalande-Markon","article_publisher":"https:\/\/www.facebook.com\/expeditiontransboreale","article_modified_time":"2025-05-24T06:00:52+00:00","og_image":[{"width":1365,"height":1365,"url":"https:\/\/www.samuelmarkon.com\/wp-content\/uploads\/2022\/12\/expedition-transboreale-faire-un-don.jpg","type":"image\/jpeg"}],"twitter_card":"summary_large_image","twitter_site":"@XPTranstaiga","twitter_misc":{"Est. reading time":"1 minute"},"schema":{"@context":"https:\/\/schema.org","@graph":[{"@type":"WebPage","@id":"https:\/\/www.samuelmarkon.com\/en\/produit\/donation-transboreal-2023\/","url":"https:\/\/www.samuelmarkon.com\/en\/produit\/donation-transboreal-2023\/","name":"Support the Transboreal Expedition 2023","isPartOf":{"@id":"https:\/\/www.samuelmarkon.com\/en\/#website"},"primaryImageOfPage":{"@id":"https:\/\/www.samuelmarkon.com\/en\/produit\/donation-transboreal-2023\/#primaryimage"},"image":{"@id":"https:\/\/www.samuelmarkon.com\/en\/produit\/donation-transboreal-2023\/#primaryimage"},"thumbnailUrl":"https:\/\/www.samuelmarkon.com\/wp-content\/uploads\/2022\/12\/expedition-transboreale-faire-un-don.jpg","datePublished":"2022-12-20T20:22:39+00:00","dateModified":"2025-05-24T06:00:52+00:00","description":"La Route blanche, nous y r\u00eavons depuis des mois d\u00e9j\u00e0. Vous avez envie de nous appuyer? Un don nous aidera grandement.","breadcrumb":{"@id":"https:\/\/www.samuelmarkon.com\/en\/produit\/donation-transboreal-2023\/#breadcrumb"},"inLanguage":"en-US","potentialAction":[{"@type":"ReadAction","target":["https:\/\/www.samuelmarkon.com\/en\/produit\/donation-transboreal-2023\/"]}]},{"@type":"ImageObject","inLanguage":"en-US","@id":"https:\/\/www.samuelmarkon.com\/en\/produit\/donation-transboreal-2023\/#primaryimage","url":"https:\/\/www.samuelmarkon.com\/wp-content\/uploads\/2022\/12\/expedition-transboreale-faire-un-don.jpg","contentUrl":"https:\/\/www.samuelmarkon.com\/wp-content\/uploads\/2022\/12\/expedition-transboreale-faire-un-don.jpg","width":1365,"height":1365},{"@type":"BreadcrumbList","@id":"https:\/\/www.samuelmarkon.com\/en\/produit\/donation-transboreal-2023\/#breadcrumb","itemListElement":[{"@type":"ListItem","position":1,"name":"Accueil","item":"https:\/\/www.samuelmarkon.com\/en\/"},{"@type":"ListItem","position":2,"name":"Shop","item":"https:\/\/www.samuelmarkon.com\/en\/shop\/"},{"@type":"ListItem","position":3,"name":"Donation &#8211; Transboreal 2023"}]},{"@type":"WebSite","@id":"https:\/\/www.samuelmarkon.com\/en\/#website","url":"https:\/\/www.samuelmarkon.com\/en\/","name":"Samuel Lalande-Markon","description":"Adventurer","publisher":{"@id":"https:\/\/www.samuelmarkon.com\/en\/#\/schema\/person\/bd1923db38c030fca083abfbd92d4455"},"potentialAction":[{"@type":"SearchAction","target":{"@type":"EntryPoint","urlTemplate":"https:\/\/www.samuelmarkon.com\/en\/?s={search_term_string}"},"query-input":{"@type":"PropertyValueSpecification","valueRequired":true,"valueName":"search_term_string"}}],"inLanguage":"en-US"},{"@type":["Person","Organization"],"@id":"https:\/\/www.samuelmarkon.com\/en\/#\/schema\/person\/bd1923db38c030fca083abfbd92d4455","name":"Samuel Lalande-Markon","image":{"@type":"ImageObject","inLanguage":"en-US","@id":"https:\/\/www.samuelmarkon.com\/wp-content\/uploads\/2018\/08\/samuel-lalande-markon-riviere-koksoak.jpg","url":"https:\/\/www.samuelmarkon.com\/wp-content\/uploads\/2018\/08\/samuel-lalande-markon-riviere-koksoak.jpg","contentUrl":"https:\/\/www.samuelmarkon.com\/wp-content\/uploads\/2018\/08\/samuel-lalande-markon-riviere-koksoak.jpg","width":1728,"height":1296,"caption":"Samuel Lalande-Markon"},"logo":{"@id":"https:\/\/www.samuelmarkon.com\/wp-content\/uploads\/2018\/08\/samuel-lalande-markon-riviere-koksoak.jpg"},"description":"Passionn\u00e9 par les r\u00e9cits d\u2019exp\u00e9dition et la nordicit\u00e9 du Qu\u00e9bec, Samuel Lalande-Markon a r\u00e9alis\u00e9 plusieurs aventures en r\u00e9gions \u00e9loign\u00e9es \u00e0 v\u00e9lo, en canot et en ski. Comme auteur, il s\u2019int\u00e9resse \u00e0 la dimension int\u00e9rieure de l\u2019aventure ainsi qu\u2019aux rapports individuel et collectif entretenus avec le territoire. Lire la biographie","sameAs":["https:\/\/www.samuelmarkon.com","https:\/\/www.facebook.com\/expeditiontransboreale","https:\/\/www.instagram.com\/smarkon\/"]}]}},"_links":{"self":[{"href":"https:\/\/www.samuelmarkon.com\/en\/wp-json\/wp\/v2\/product\/9729","targetHints":{"allow":["GET"]}}],"collection":[{"href":"https:\/\/www.samuelmarkon.com\/en\/wp-json\/wp\/v2\/product"}],"about":[{"href":"https:\/\/www.samuelmarkon.com\/en\/wp-json\/wp\/v2\/types\/product"}],"replies":[{"embeddable":true,"href":"https:\/\/www.samuelmarkon.com\/en\/wp-json\/wp\/v2\/comments?post=9729"}],"wp:featuredmedia":[{"embeddable":true,"href":"https:\/\/www.samuelmarkon.com\/en\/wp-json\/wp\/v2\/media\/9702"}],"wp:attachment":[{"href":"https:\/\/www.samuelmarkon.com\/en\/wp-json\/wp\/v2\/media?parent=9729"}],"wp:term":[{"taxonomy":"product_brand","embeddable":true,"href":"https:\/\/www.samuelmarkon.com\/en\/wp-json\/wp\/v2\/product_brand?post=9729"},{"taxonomy":"product_cat","embeddable":true,"href":"https:\/\/www.samuelmarkon.com\/en\/wp-json\/wp\/v2\/product_cat?post=9729"},{"taxonomy":"product_tag","embeddable":true,"href":"https:\/\/www.samuelmarkon.com\/en\/wp-json\/wp\/v2\/product_tag?post=9729"}],"curies":[{"name":"wp","href":"https:\/\/api.w.org\/{rel}","templated":true}]}}